{"id":172,"date":"2024-04-01T14:28:26","date_gmt":"2024-04-01T12:28:26","guid":{"rendered":"https:\/\/roxycampana.com\/?page_id=172"},"modified":"2024-04-01T14:32:48","modified_gmt":"2024-04-01T12:32:48","slug":"privacidad","status":"publish","type":"page","link":"https:\/\/roxycampana.com\/?page_id=172","title":{"rendered":"Pol\u00edtica de Privacidad"},"content":{"rendered":"\t\t<div data-elementor-type=\"wp-page\" data-elementor-id=\"172\" class=\"elementor elementor-172\" data-elementor-post-type=\"page\">\n\t\t\t\t\t\t<header class=\"elementor-section elementor-top-section elementor-element elementor-element-28d61f36 elementor-section-height-min-height elementor-section-stretched elementor-section-boxed elementor-section-height-default elementor-section-items-middle\" data-id=\"28d61f36\" data-element_type=\"section\" data-e-type=\"section\" data-settings=\"{&quot;background_background&quot;:&quot;classic&quot;,&quot;stretch_section&quot;:&quot;section-stretched&quot;}\">\n\t\t\t\t\t\t\t<div class=\"elementor-background-overlay\"><\/div>\n\t\t\t\t\t\t\t<div class=\"elementor-container elementor-column-gap-no\">\n\t\t\t\t\t<div class=\"elementor-column elementor-col-100 elementor-top-column elementor-element elementor-element-64c2a0d8\" data-id=\"64c2a0d8\" data-element_type=\"column\" data-e-type=\"column\">\n\t\t\t<div class=\"elementor-widget-wrap elementor-element-populated\">\n\t\t\t\t\t\t<div class=\"elementor-element elementor-element-72e2faf3 elementor-widget elementor-widget-heading\" data-id=\"72e2faf3\" data-element_type=\"widget\" data-e-type=\"widget\" data-widget_type=\"heading.default\">\n\t\t\t\t<div class=\"elementor-widget-container\">\n\t\t\t\t\t<h1 class=\"elementor-heading-title elementor-size-default\">pol\u00edtica de privacidad<\/h1>\t\t\t\t<\/div>\n\t\t\t\t<\/div>\n\t\t\t\t\t<\/div>\n\t\t<\/div>\n\t\t\t\t\t<\/div>\n\t\t<\/header>\n\t\t\t\t<section class=\"elementor-section elementor-top-section elementor-element elementor-element-6fa936c9 elementor-section-boxed elementor-section-height-default elementor-section-height-default\" data-id=\"6fa936c9\" data-element_type=\"section\" data-e-type=\"section\">\n\t\t\t\t\t\t<div class=\"elementor-container elementor-column-gap-default\">\n\t\t\t\t\t<div class=\"elementor-column elementor-col-100 elementor-top-column elementor-element elementor-element-44322f15\" data-id=\"44322f15\" data-element_type=\"column\" data-e-type=\"column\">\n\t\t\t<div class=\"elementor-widget-wrap elementor-element-populated\">\n\t\t\t\t\t\t<div class=\"elementor-element elementor-element-32e4f234 elementor-widget elementor-widget-text-editor\" data-id=\"32e4f234\" data-element_type=\"widget\" data-e-type=\"widget\" data-widget_type=\"text-editor.default\">\n\t\t\t\t<div class=\"elementor-widget-container\">\n\t\t\t\t\t\t\t\t\t<div class=\"elementor-element elementor-element-f67c3b6 elementor-widget elementor-widget-text-editor\" data-id=\"f67c3b6\" data-element_type=\"widget\" data-widget_type=\"text-editor.default\"><div class=\"elementor-widget-container\"><div class=\"elementor-text-editor elementor-clearfix\"><p><i>El presente Aviso Legal regula las condiciones generales de acceso y utilizaci\u00f3n del sitio web accesible en la direcci\u00f3n URL https:\/\/roxycampana.com (en adelante, el sitio web), que Rocio Campana pone a disposici\u00f3n de los usuarios de Internet.<\/i><\/p><p><i>La utilizaci\u00f3n del sitio web implica la aceptaci\u00f3n plena y sin reservas de todas y cada una de las disposiciones incluidas en este Aviso Legal. En consecuencia, el usuario del sitio web debe leer atentamente el presente Aviso Legal en cada una de las ocasiones en que se proponga utilizar la web, ya que el texto podr\u00eda sufrir modificaciones a criterio del titular de la web, o a causa de un cambio legislativo, jurisprudencial o en la pr\u00e1ctica empresarial.<\/i><\/p><\/div><\/div><\/div><div class=\"elementor-element elementor-element-69bff22 elementor-widget elementor-widget-heading\" data-id=\"69bff22\" data-element_type=\"widget\" data-widget_type=\"heading.default\"><div class=\"elementor-widget-container\"><h2 class=\"elementor-heading-title elementor-size-default\">1.- TITULARIDAD DEL SITIO WEB<\/h2><\/div><\/div><div class=\"elementor-element elementor-element-e3a10cb elementor-widget elementor-widget-text-editor\" data-id=\"e3a10cb\" data-element_type=\"widget\" data-widget_type=\"text-editor.default\"><div class=\"elementor-widget-container\"><div class=\"elementor-text-editor elementor-clearfix\"><p>Nombre del titular: Rocio Campana<\/p><p>Domicilio social: Carrer Bar\u00f3n de San Petrillo 29, puerta 2.<\/p><p>Poblaci\u00f3n: Valencia<\/p><p>Comunidad Aut\u00f3noma: Comunidad Valenciana<\/p><p>C.P.: 46020<\/p><p>Tel\u00e9fono de contacto: +5492995041937<\/p><p>Correo electr\u00f3nico: hola@roxycampana.com<\/p><\/div><\/div><\/div><div class=\"elementor-element elementor-element-bdca8dd elementor-widget elementor-widget-heading\" data-id=\"bdca8dd\" data-element_type=\"widget\" data-widget_type=\"heading.default\"><div class=\"elementor-widget-container\"><h2 class=\"elementor-heading-title elementor-size-default\">2.- OBJETO<\/h2><\/div><\/div><div class=\"elementor-element elementor-element-54ff839 elementor-widget elementor-widget-text-editor\" data-id=\"54ff839\" data-element_type=\"widget\" data-widget_type=\"text-editor.default\"><div class=\"elementor-widget-container\"><div class=\"elementor-text-editor elementor-clearfix\"><p>El sitio web facilita a los usuarios del mismo el acceso a informaci\u00f3n y servicios prestados por Rocio Campana a aquellas personas u organizaciones interesadas en los mismos.<\/p><\/div><\/div><\/div><div class=\"elementor-element elementor-element-b3bed8f elementor-widget elementor-widget-heading\" data-id=\"b3bed8f\" data-element_type=\"widget\" data-widget_type=\"heading.default\"><div class=\"elementor-widget-container\"><h2 class=\"elementor-heading-title elementor-size-default\">3.- ACCESO Y UTILIZACI\u00d3N DE LA WEB<\/h2><\/div><\/div><div class=\"elementor-element elementor-element-01ad8d3 elementor-widget elementor-widget-text-editor\" data-id=\"01ad8d3\" data-element_type=\"widget\" data-widget_type=\"text-editor.default\"><div class=\"elementor-widget-container\"><div class=\"elementor-text-editor elementor-clearfix\"><p>3.1.- Car\u00e1cter gratuito del acceso y utilizaci\u00f3n de la web.<br \/>El acceso a la web tiene car\u00e1cter gratuito para los usuarios de la misma.<\/p><p>3.2.- Registro de usuarios.<br \/>Con car\u00e1cter general el acceso y utilizaci\u00f3n de la web no exige la previa suscripci\u00f3n o registro de los usuarios de la misma.<\/p><\/div><\/div><\/div><div class=\"elementor-element elementor-element-1da0c5e elementor-widget elementor-widget-heading\" data-id=\"1da0c5e\" data-element_type=\"widget\" data-widget_type=\"heading.default\"><div class=\"elementor-widget-container\"><h2 class=\"elementor-heading-title elementor-size-default\">4.- CONTENIDOS DE LA WEB<\/h2><\/div><\/div><div class=\"elementor-element elementor-element-d2466ee elementor-widget elementor-widget-text-editor\" data-id=\"d2466ee\" data-element_type=\"widget\" data-widget_type=\"text-editor.default\"><div class=\"elementor-widget-container\"><div class=\"elementor-text-editor elementor-clearfix\"><p>El idioma utilizado por el titular en la web ser\u00e1 el castellano. Rocio Campana no se responsabiliza de la no comprensi\u00f3n o entendimiento del idioma de la web por el usuario, ni de sus consecuencias.<\/p><p>Rocio Campana podr\u00e1 modificar los contenidos sin previo aviso, as\u00ed como suprimir y cambiar \u00e9stos dentro de la web, como la forma en que se accede a \u00e9stos, sin justificaci\u00f3n alguna y libremente, no responsabiliz\u00e1ndose de las consecuencias que los mismos puedan ocasionar a los usuarios.<\/p><p>Se proh\u00edbe el uso de los contenidos de la web para promocionar, contratar o divulgar publicidad o informaci\u00f3n propia o de terceras personas sin la autorizaci\u00f3n de Rocio Campana, ni remitir publicidad o informaci\u00f3n vali\u00e9ndose para ello de los servicios o informaci\u00f3n que se ponen a disposici\u00f3n de los usuarios, independientemente de si la utilizaci\u00f3n es gratuita o no.<\/p><p>Los enlaces o hiperenlaces que incorporen terceros en sus p\u00e1ginas web, dirigidos a esta web, ser\u00e1n para la apertura de la p\u00e1gina web completa, no pudiendo manifestar, directa o indirectamente, indicaciones falsas, inexactas o confusas, ni incurrir en acciones desleales o il\u00edcitas en contra de Rocio Campana<\/p><\/div><\/div><\/div><div class=\"elementor-element elementor-element-723e1b7 elementor-widget elementor-widget-heading\" data-id=\"723e1b7\" data-element_type=\"widget\" data-widget_type=\"heading.default\"><div class=\"elementor-widget-container\"><h2 class=\"elementor-heading-title elementor-size-default\">5.- LIMITACI\u00d3N DE RESPONSABILIDAD<\/h2><\/div><\/div><div class=\"elementor-element elementor-element-4da8b2d elementor-widget elementor-widget-text-editor\" data-id=\"4da8b2d\" data-element_type=\"widget\" data-widget_type=\"text-editor.default\"><div class=\"elementor-widget-container\"><div class=\"elementor-text-editor elementor-clearfix\"><p>Tanto el acceso a la web como el uso inconsentido que pueda efectuarse de la informaci\u00f3n contenida en la misma es de la exclusiva responsabilidad de quien lo realiza. Rocio Campana no responder\u00e1 de ninguna consecuencia, da\u00f1o o perjuicio que pudieran derivarse de dicho acceso o uso.<\/p><p>Rocio Campana no se hace responsable de los errores de seguridad, que se puedan producir ni de los da\u00f1os que puedan causarse al sistema inform\u00e1tico del usuario (hardware y software), o a los ficheros o documentos almacenados en el mismo, como consecuencia de:<\/p><p>\u2013 la presencia de un virus en el ordenador del usuario que sea utilizado para la conexi\u00f3n a los servicios y contenidos de la web,<br \/>\u2013 un mal funcionamiento del navegador,<br \/>\u2013 y\/o del uso de versiones no actualizadas del mismo.<\/p><p>Rocio Campana no se hace responsable de la fiabilidad y rapidez de los hiperenlaces que se incorporen en la web para la apertura de otras.<\/p><p>Rocio Campana no garantiza la utilidad de estos enlaces, ni se responsabiliza de los contenidos o servicios a los que pueda acceder el usuario por medio de estos enlaces, ni del buen funcionamiento de estas webs.<br \/>Rocio Campana no ser\u00e1 responsable de los virus o dem\u00e1s programas inform\u00e1ticos que deterioren o puedan deteriorar los sistemas o equipos inform\u00e1ticos de los usuarios al acceder a su web u otras webs a las que se haya accedido mediante enlaces de esta web.<\/p><\/div><\/div><\/div><div class=\"elementor-element elementor-element-abbe118 elementor-widget elementor-widget-heading\" data-id=\"abbe118\" data-element_type=\"widget\" data-widget_type=\"heading.default\"><div class=\"elementor-widget-container\"><h2 class=\"elementor-heading-title elementor-size-default\">6.- EMPLEO DE LA TECNOLOG\u00cdA \u201cCOOKIE\u201d<\/h2><\/div><\/div><div class=\"elementor-element elementor-element-4dda6e1 elementor-widget elementor-widget-text-editor\" data-id=\"4dda6e1\" data-element_type=\"widget\" data-widget_type=\"text-editor.default\"><div class=\"elementor-widget-container\"><div class=\"elementor-text-editor elementor-clearfix\"><p>La web emplea cookies, puede consultar nuestra Pol\u00edtica de Cookies, que respeta en todo momento la confidencialidad e intimidad del mismo.<\/p><\/div><\/div><\/div><div class=\"elementor-element elementor-element-7fe81e5 elementor-widget elementor-widget-heading\" data-id=\"7fe81e5\" data-element_type=\"widget\" data-widget_type=\"heading.default\"><div class=\"elementor-widget-container\"><h2 class=\"elementor-heading-title elementor-size-default\">7.- PROPIEDAD INTELECTUAL E INDUSTRIAL<\/h2><\/div><\/div><div class=\"elementor-element elementor-element-4015a7c elementor-widget elementor-widget-text-editor\" data-id=\"4015a7c\" data-element_type=\"widget\" data-widget_type=\"text-editor.default\"><div class=\"elementor-widget-container\"><div class=\"elementor-text-editor elementor-clearfix\"><p>Son propiedad de Rocio Campana, todos los derechos de propiedad industrial e intelectual de la web, as\u00ed como de los contenidos que alberga. Cualquier uso de la web o sus contenidos deber\u00e1 tener un car\u00e1cter exclusivamente particular. Est\u00e1 reservado exclusivamente a Rocio Campana, cualquier otro uso que suponga la copia, reproducci\u00f3n, distribuci\u00f3n, transformaci\u00f3n, comunicaci\u00f3n p\u00fablica o cualquier otra acci\u00f3n similar, de todo o parte de los contenidos de la web, por lo que ning\u00fan usuario podr\u00e1 llevar a cabo estas acciones sin la autorizaci\u00f3n previa y por escrito de Rocio Campana<\/p><\/div><\/div><\/div><div class=\"elementor-element elementor-element-b6f2cc7 elementor-widget elementor-widget-heading\" data-id=\"b6f2cc7\" data-element_type=\"widget\" data-widget_type=\"heading.default\"><div class=\"elementor-widget-container\"><h2 class=\"elementor-heading-title elementor-size-default\">8.- POL\u00cdTICA DE PRIVACIDAD Y PROTECCI\u00d3N DE DATOS<\/h2><\/div><\/div><div class=\"elementor-element elementor-element-1aca0fe elementor-widget elementor-widget-text-editor\" data-id=\"1aca0fe\" data-element_type=\"widget\" data-widget_type=\"text-editor.default\"><div class=\"elementor-widget-container\"><div class=\"elementor-text-editor elementor-clearfix\"><p>Rocio Campana garantiza la protecci\u00f3n y confidencialidad de los datos personales, de cualquier tipo que nos proporcionen nuestras empresas clientes de acuerdo con lo dispuesto en la Ley Org\u00e1nica 15\/1999, de 13 de Diciembre de Protecci\u00f3n de Datos de Car\u00e1cter Personal.<\/p><p>Todos los datos facilitados por nuestras empresas clientes a Rocio Campana o a su personal, ser\u00e1n incluidos en un fichero automatizado de datos de car\u00e1cter personal creado y mantenido bajo la responsabilidad de Rocio Campana, imprescindibles para prestar los servicios solicitados por los usuarios.<\/p><p>Los datos facilitados ser\u00e1n tratados seg\u00fan el Reglamento de Medidas de Seguridad (Real Decreto 1720\/2007 de 21 de Diciembre), en este sentido Rocio Campana ha adoptado los niveles de protecci\u00f3n que legalmente se exigen, y ha instalado todas las medidas t\u00e9cnicas a su alcance para evitar la p\u00e9rdida, mal uso, alteraci\u00f3n, acceso no autorizado por terceros. No obstante, el usuario debe ser consciente de que las medidas de seguridad en Internet no son inexpugnables. En caso en que considere oportuno que se cedan sus datos de car\u00e1cter personal a otras entidades, el usuario ser\u00e1 informado de los datos cedidos, de la finalidad del fichero y del nombre y direcci\u00f3n del cesionario, para que de su consentimiento inequ\u00edvoco al respecto.<\/p><p>En cumplimiento de lo establecido en la RGPD, el usuario podr\u00e1 ejercer sus derechos de acceso, rectificaci\u00f3n, cancelaci\u00f3n y oposici\u00f3n. Para ello debe de contactar con nosotros en hola@roxycampana.com<i><\/i><\/p><p>\u00a0<\/p><\/div><\/div><\/div><div class=\"elementor-element elementor-element-0b452ea elementor-widget elementor-widget-heading\" data-id=\"0b452ea\" data-element_type=\"widget\" data-widget_type=\"heading.default\"><div class=\"elementor-widget-container\"><h2 class=\"elementor-heading-title elementor-size-default\">9.- LEGISLACI\u00d3N APLICABLE Y JURISDICCI\u00d3N COMPETENTE<\/h2><\/div><\/div><div class=\"elementor-element elementor-element-52e21dc elementor-widget elementor-widget-text-editor\" data-id=\"52e21dc\" data-element_type=\"widget\" data-widget_type=\"text-editor.default\"><div class=\"elementor-widget-container\"><div class=\"elementor-text-editor elementor-clearfix\"><p>El presente Aviso Legal se interpretar\u00e1 y regir\u00e1 de conformidad con la legislaci\u00f3n argentina. Rocio Campana y los usuarios, con renuncia expresa a cualquier otro fuero que pudiera corresponderles, se someten al de los juzgados y tribunales del domicilio del usuario para cualquier controversia que pudiera derivarse del acceso o uso de la web.<\/p><p>En el caso de que el usuario tenga su domicilio fuera de Argentina, Rocio Campana y el usuario, se someten, con renuncia expresa a cualquier otro fuero, a los juzgados y tribunales del domicilio de Rocio Campana.<\/p><\/div><\/div><\/div>\t\t\t\t\t\t\t\t<\/div>\n\t\t\t\t<\/div>\n\t\t\t\t\t<\/div>\n\t\t<\/div>\n\t\t\t\t\t<\/div>\n\t\t<\/section>\n\t\t\t\t<\/div>\n\t\t","protected":false},"excerpt":{"rendered":"<p>pol\u00edtica de privacidad El presente Aviso Legal regula las condiciones generales de acceso y utilizaci\u00f3n del sitio web accesible en la direcci\u00f3n URL https:\/\/roxycampana.com (en adelante, el sitio web), que Rocio Campana pone a disposici\u00f3n de los usuarios de Internet. La utilizaci\u00f3n del sitio web implica la aceptaci\u00f3n plena y sin reservas de todas y [&hellip;]<\/p>\n","protected":false},"author":1,"featured_media":0,"parent":0,"menu_order":0,"comment_status":"closed","ping_status":"closed","template":"","meta":{"footnotes":""},"class_list":["post-172","page","type-page","status-publish","hentry"],"_links":{"self":[{"href":"https:\/\/roxycampana.com\/index.php?rest_route=\/wp\/v2\/pages\/172","targetHints":{"allow":["GET"]}}],"collection":[{"href":"https:\/\/roxycampana.com\/index.php?rest_route=\/wp\/v2\/pages"}],"about":[{"href":"https:\/\/roxycampana.com\/index.php?rest_route=\/wp\/v2\/types\/page"}],"author":[{"embeddable":true,"href":"https:\/\/roxycampana.com\/index.php?rest_route=\/wp\/v2\/users\/1"}],"replies":[{"embeddable":true,"href":"https:\/\/roxycampana.com\/index.php?rest_route=%2Fwp%2Fv2%2Fcomments&post=172"}],"version-history":[{"count":4,"href":"https:\/\/roxycampana.com\/index.php?rest_route=\/wp\/v2\/pages\/172\/revisions"}],"predecessor-version":[{"id":177,"href":"https:\/\/roxycampana.com\/index.php?rest_route=\/wp\/v2\/pages\/172\/revisions\/177"}],"wp:attachment":[{"href":"https:\/\/roxycampana.com\/index.php?rest_route=%2Fwp%2Fv2%2Fmedia&parent=172"}],"curies":[{"name":"wp","href":"https:\/\/api.w.org\/{rel}","templated":true}]}}