{"id":179,"date":"2024-04-01T14:35:04","date_gmt":"2024-04-01T12:35:04","guid":{"rendered":"https:\/\/roxycampana.com\/?page_id=179"},"modified":"2024-04-01T14:36:28","modified_gmt":"2024-04-01T12:36:28","slug":"aviso-legal","status":"publish","type":"page","link":"https:\/\/roxycampana.com\/?page_id=179","title":{"rendered":"Aviso legal"},"content":{"rendered":"\t\t<div data-elementor-type=\"wp-page\" data-elementor-id=\"179\" class=\"elementor elementor-179\" data-elementor-post-type=\"page\">\n\t\t\t\t\t\t<header class=\"elementor-section elementor-top-section elementor-element elementor-element-12317400 elementor-section-height-min-height elementor-section-stretched elementor-section-boxed elementor-section-height-default elementor-section-items-middle\" data-id=\"12317400\" data-element_type=\"section\" data-e-type=\"section\" data-settings=\"{&quot;background_background&quot;:&quot;classic&quot;,&quot;stretch_section&quot;:&quot;section-stretched&quot;}\">\n\t\t\t\t\t\t\t<div class=\"elementor-background-overlay\"><\/div>\n\t\t\t\t\t\t\t<div class=\"elementor-container elementor-column-gap-no\">\n\t\t\t\t\t<div class=\"elementor-column elementor-col-100 elementor-top-column elementor-element elementor-element-5c48dfdb\" data-id=\"5c48dfdb\" data-element_type=\"column\" data-e-type=\"column\">\n\t\t\t<div class=\"elementor-widget-wrap elementor-element-populated\">\n\t\t\t\t\t\t<div class=\"elementor-element elementor-element-63b484ba elementor-widget elementor-widget-heading\" data-id=\"63b484ba\" data-element_type=\"widget\" data-e-type=\"widget\" data-widget_type=\"heading.default\">\n\t\t\t\t<div class=\"elementor-widget-container\">\n\t\t\t\t\t<h1 class=\"elementor-heading-title elementor-size-default\">aviso legal<\/h1>\t\t\t\t<\/div>\n\t\t\t\t<\/div>\n\t\t\t\t\t<\/div>\n\t\t<\/div>\n\t\t\t\t\t<\/div>\n\t\t<\/header>\n\t\t\t\t<section class=\"elementor-section elementor-top-section elementor-element elementor-element-6795947a elementor-section-boxed elementor-section-height-default elementor-section-height-default\" data-id=\"6795947a\" data-element_type=\"section\" data-e-type=\"section\">\n\t\t\t\t\t\t<div class=\"elementor-container elementor-column-gap-default\">\n\t\t\t\t\t<div class=\"elementor-column elementor-col-100 elementor-top-column elementor-element elementor-element-4776b21d\" data-id=\"4776b21d\" data-element_type=\"column\" data-e-type=\"column\">\n\t\t\t<div class=\"elementor-widget-wrap elementor-element-populated\">\n\t\t\t\t\t\t<div class=\"elementor-element elementor-element-5085b706 elementor-widget elementor-widget-spacer\" data-id=\"5085b706\" data-element_type=\"widget\" data-e-type=\"widget\" data-widget_type=\"spacer.default\">\n\t\t\t\t<div class=\"elementor-widget-container\">\n\t\t\t\t\t\t\t<div class=\"elementor-spacer\">\n\t\t\t<div class=\"elementor-spacer-inner\"><\/div>\n\t\t<\/div>\n\t\t\t\t\t\t<\/div>\n\t\t\t\t<\/div>\n\t\t\t\t<div class=\"elementor-element elementor-element-68899aa2 elementor-widget elementor-widget-text-editor\" data-id=\"68899aa2\" data-element_type=\"widget\" data-e-type=\"widget\" data-widget_type=\"text-editor.default\">\n\t\t\t\t<div class=\"elementor-widget-container\">\n\t\t\t\t\t\t\t\t\t<p>Es nuestro deseo comunicarle a Ud. que toda solicitud y tratamiento de informaci\u00f3n solicitada a trav\u00e9s de nuestra Web cumple con el Reglamento General de Protecci\u00f3n de Datos (RGPD).<\/p><p>En virtud de ello, le informamos que sus datos ser\u00e1n tratados en nuestros ficheros, con la finalidad del mantenimiento y cumplimiento de la relaci\u00f3n con nuestra entidad, incluyendo el env\u00edo de comunicaciones en el marco de la citada relaci\u00f3n. Todo ello durante el plazo de duraci\u00f3n que Ud. desee.<\/p><p>Tambi\u00e9n le informamos que al aceptar nuestra pol\u00edtica de privacidad Ud. est\u00e1 otorgando el consentimiento a que nosotros tratemos dicha informaci\u00f3n con la finalidad mencionada anteriormente.<\/p><p>A fin de garantizar los derechos que Ud. posee como usuario, brindamos un r\u00e1pido contacto con el responsable del tratamiento de datos a fin de que pueda: retirar su consentimiento prestado, revisar los datos prove\u00eddos, modificarlos o suprimirlos sin dilaciones y en el momento que desee enviando un correo electr\u00f3nico hola@roxycampana.com o dirigiendo una misiva a Rocio Campana con direcci\u00f3n en Carrer Bar\u00f3n de San Petrillo 29, 46020, Valencia, adjuntando fotocopia de su DNI.<\/p><p>El contenido de esta comunicaci\u00f3n, as\u00ed como el de toda la documentaci\u00f3n anexa, est\u00e1 sujeta al deber de secreto y va dirigida \u00fanicamente a su destinatario. En el supuesto de que usted no fuera el destinatario, le solicitamos que nos lo indique y no comunique su contenido a terceros, procediendo a su destrucci\u00f3n.<\/p><p>Le informamos que los datos que Ud. va a facilitar van a ser almacenados en los servidores de Mailchimp, mi proveedor de email marketing, ubicado en E.E.U.U. que trabaja con estas\u00a0<a href=\"https:\/\/mailchimp.com\/legal\/privacy\/\" target=\"_blank\" rel=\"noopener\">pol\u00edticas de privacidad<\/a>.<\/p><p>Consideramos que la protecci\u00f3n de las personas f\u00edsicas en relaci\u00f3n al tratamiento de los datos personales es un derecho fundamental que debe ser garantizado y protegido entre todos.<\/p><p>Es por ello que sugerimos que ante cualquier inquietud o duda que surja de la presente informaci\u00f3n, nos contacten a hola@roxycampana.com y en forma r\u00e1pida, clara y transparente le contestaremos.<\/p><p>Le saluda atentamente,<\/p><p><i>Rocio Campana.<\/i><\/p>\t\t\t\t\t\t\t\t<\/div>\n\t\t\t\t<\/div>\n\t\t\t\t\t<\/div>\n\t\t<\/div>\n\t\t\t\t\t<\/div>\n\t\t<\/section>\n\t\t\t\t<\/div>\n\t\t","protected":false},"excerpt":{"rendered":"<p>aviso legal Es nuestro deseo comunicarle a Ud. que toda solicitud y tratamiento de informaci\u00f3n solicitada a trav\u00e9s de nuestra Web cumple con el Reglamento General de Protecci\u00f3n de Datos (RGPD). En virtud de ello, le informamos que sus datos ser\u00e1n tratados en nuestros ficheros, con la finalidad del mantenimiento y cumplimiento de la relaci\u00f3n [&hellip;]<\/p>\n","protected":false},"author":1,"featured_media":0,"parent":0,"menu_order":0,"comment_status":"closed","ping_status":"closed","template":"","meta":{"footnotes":""},"class_list":["post-179","page","type-page","status-publish","hentry"],"_links":{"self":[{"href":"https:\/\/roxycampana.com\/index.php?rest_route=\/wp\/v2\/pages\/179","targetHints":{"allow":["GET"]}}],"collection":[{"href":"https:\/\/roxycampana.com\/index.php?rest_route=\/wp\/v2\/pages"}],"about":[{"href":"https:\/\/roxycampana.com\/index.php?rest_route=\/wp\/v2\/types\/page"}],"author":[{"embeddable":true,"href":"https:\/\/roxycampana.com\/index.php?rest_route=\/wp\/v2\/users\/1"}],"replies":[{"embeddable":true,"href":"https:\/\/roxycampana.com\/index.php?rest_route=%2Fwp%2Fv2%2Fcomments&post=179"}],"version-history":[{"count":4,"href":"https:\/\/roxycampana.com\/index.php?rest_route=\/wp\/v2\/pages\/179\/revisions"}],"predecessor-version":[{"id":183,"href":"https:\/\/roxycampana.com\/index.php?rest_route=\/wp\/v2\/pages\/179\/revisions\/183"}],"wp:attachment":[{"href":"https:\/\/roxycampana.com\/index.php?rest_route=%2Fwp%2Fv2%2Fmedia&parent=179"}],"curies":[{"name":"wp","href":"https:\/\/api.w.org\/{rel}","templated":true}]}}